{"id":697,"date":"2022-01-30T14:53:51","date_gmt":"2022-01-30T14:53:51","guid":{"rendered":"https:\/\/www.monopolcity.com\/?page_id=697"},"modified":"2022-03-09T23:32:16","modified_gmt":"2022-03-09T23:32:16","slug":"contact-2","status":"publish","type":"page","link":"https:\/\/www.monopolcity.com\/?page_id=697&lang=en","title":{"rendered":"Contact"},"content":{"rendered":"\n<div style=\"height:60px\" aria-hidden=\"true\" class=\"wp-block-spacer\"><\/div>\n\n\n\n<h4 class=\"wp-block-heading\" id=\"contrary-to-popular-belief-lorem-ipsum-is-not-simply-random-text\">Visit us to our sales center at Zona Industriale<\/h4>\n\n\n\n<p>For more information about available apartments in Monopol City, please fill out the form and we will contact you promptly.<\/p>\n\n\n\n<div style=\"height:30px\" aria-hidden=\"true\" class=\"wp-block-spacer\"><\/div>\n\n\n\n<div class=\"wpcf7 no-js\" id=\"wpcf7-f133-o1\" lang=\"en-US\" dir=\"ltr\" data-wpcf7-id=\"133\">\n<div class=\"screen-reader-response\"><p role=\"status\" aria-live=\"polite\" aria-atomic=\"true\"><\/p> <ul><\/ul><\/div>\n<form action=\"\/index.php?rest_route=%2Fwp%2Fv2%2Fpages%2F697#wpcf7-f133-o1\" method=\"post\" class=\"wpcf7-form init\" aria-label=\"Contact form\" novalidate=\"novalidate\" data-status=\"init\">\n<fieldset class=\"hidden-fields-container\"><input type=\"hidden\" name=\"_wpcf7\" value=\"133\" \/><input type=\"hidden\" name=\"_wpcf7_version\" value=\"6.1.3\" \/><input type=\"hidden\" name=\"_wpcf7_locale\" value=\"en_US\" \/><input type=\"hidden\" name=\"_wpcf7_unit_tag\" value=\"wpcf7-f133-o1\" \/><input type=\"hidden\" name=\"_wpcf7_container_post\" value=\"0\" \/><input type=\"hidden\" name=\"_wpcf7_posted_data_hash\" value=\"\" \/><input type=\"hidden\" name=\"_wpcf7_recaptcha_response\" value=\"\" \/>\n<\/fieldset>\n<p><label> Emri<br \/>\n<span class=\"wpcf7-form-control-wrap\" data-name=\"your-name\"><input size=\"40\" maxlength=\"400\" class=\"wpcf7-form-control wpcf7-text wpcf7-validates-as-required\" aria-required=\"true\" aria-invalid=\"false\" value=\"\" type=\"text\" name=\"your-name\" \/><\/span> <\/label>\n<\/p>\n<p><label> Mbiemri<br \/>\n<span class=\"wpcf7-form-control-wrap\" data-name=\"your-lastname\"><input size=\"40\" maxlength=\"400\" class=\"wpcf7-form-control wpcf7-text wpcf7-validates-as-required\" aria-required=\"true\" aria-invalid=\"false\" value=\"\" type=\"text\" name=\"your-lastname\" \/><\/span> <\/label>\n<\/p>\n<p><label> Email<br \/>\n<span class=\"wpcf7-form-control-wrap\" data-name=\"your-email\"><input size=\"40\" maxlength=\"400\" class=\"wpcf7-form-control wpcf7-email wpcf7-validates-as-required wpcf7-text wpcf7-validates-as-email\" aria-required=\"true\" aria-invalid=\"false\" value=\"\" type=\"email\" name=\"your-email\" \/><\/span> <\/label>\n<\/p>\n<p><label> Nr. Tel<br \/>\n<\/label>\n<\/p>\n<div class=\"phone-number-main flex justify-between align-center\">\n\t<p><span class=\"wpcf7-form-control-wrap\" data-name=\"phone-nr\"><input size=\"40\" class=\"wpcf7-form-control wpcf7-phonetext wpcf7-text wpcf7-validates-as-phonetext\" data-numberonly=\"true\" aria-invalid=\"false\" value=\"\" type=\"text\" name=\"phone-nr\" \/><input type=\"hidden\" name=\"phone-nr-country-code\" class=\"wpcf7-phonetext-country-code\" \/><\/span><br \/>\n<span class=\"wpcf7-form-control-wrap\" data-name=\"phone-number\"><input class=\"wpcf7-form-control wpcf7-number wpcf7-validates-as-number\" aria-invalid=\"false\" value=\"\" type=\"number\" name=\"phone-number\" \/><\/span>\n\t<\/p>\n<\/div>\n<p><label> Mesazhi juaj<br \/>\n<span class=\"wpcf7-form-control-wrap\" data-name=\"object-name\"><input size=\"40\" maxlength=\"400\" class=\"wpcf7-form-control wpcf7-text\" aria-invalid=\"false\" value=\"\" type=\"text\" name=\"object-name\" \/><\/span><br \/>\n<\/label>\n<\/p>\n<div class=\"accept-terms-parent\">\n\t<p><span class=\"wpcf7-form-control-wrap\" data-name=\"accept_terms_cond\"><span class=\"wpcf7-form-control wpcf7-acceptance\"><span class=\"wpcf7-list-item\"><label><input type=\"checkbox\" name=\"accept_terms_cond\" value=\"1\" class=\"accept-terms\" aria-invalid=\"false\" \/><span class=\"wpcf7-list-item-label\">Jam dakord me kushtet e p\u00ebrpunimit t\u00eb t\u00eb dh\u00ebnave personale.<\/span><\/label><\/span><\/span><\/span>\n\t<\/p>\n<\/div>\n<p><input class=\"wpcf7-form-control wpcf7-submit has-spinner submit-button\" type=\"submit\" value=\"D\u00ebrgo\" \/>\n<\/p><div class=\"wpcf7-response-output\" aria-hidden=\"true\"><\/div>\n<\/form>\n<\/div>\n\n","protected":false},"excerpt":{"rendered":"<p>Visit us to our sales center at Zona Industriale For more information about available apartments in Monopol City, please fill out the form and we will contact you promptly.<\/p>\n","protected":false},"author":1,"featured_media":2340,"parent":0,"menu_order":0,"comment_status":"closed","ping_status":"closed","template":"template-parts\/template-contact.php","meta":{"inline_featured_image":false,"footnotes":""},"class_list":["post-697","page","type-page","status-publish","has-post-thumbnail","hentry"],"yoast_head":"<!-- This site is optimized with the Yoast SEO plugin v26.3 - https:\/\/yoast.com\/wordpress\/plugins\/seo\/ -->\n<title>Contact - Monopol City<\/title>\n<meta name=\"robots\" content=\"index, follow, max-snippet:-1, max-image-preview:large, max-video-preview:-1\" \/>\n<link rel=\"canonical\" href=\"https:\/\/www.monopolcity.com\/?page_id=697&lang=en\" \/>\n<meta property=\"og:locale\" content=\"en_US\" \/>\n<meta property=\"og:type\" content=\"article\" \/>\n<meta property=\"og:title\" content=\"Contact - Monopol City\" \/>\n<meta property=\"og:description\" content=\"Visit us to our sales center at Zona Industriale For more information about available apartments in Monopol City, please fill out the form and we will contact you promptly.\" \/>\n<meta property=\"og:url\" content=\"https:\/\/www.monopolcity.com\/?page_id=697&amp;lang=en\" \/>\n<meta property=\"og:site_name\" content=\"Monopol City\" \/>\n<meta property=\"article:publisher\" content=\"https:\/\/www.facebook.com\/monopolcity.ks\/?ti=as\" \/>\n<meta property=\"article:modified_time\" content=\"2022-03-09T23:32:16+00:00\" \/>\n<meta property=\"og:image\" content=\"https:\/\/www.monopolcity.com\/wp-content\/uploads\/2022\/03\/Registration.jpg\" \/>\n\t<meta property=\"og:image:width\" content=\"1920\" \/>\n\t<meta property=\"og:image:height\" content=\"1280\" \/>\n\t<meta property=\"og:image:type\" content=\"image\/jpeg\" \/>\n<meta name=\"twitter:card\" content=\"summary_large_image\" \/>\n<meta name=\"twitter:site\" content=\"@Monopolcity_ks\" \/>\n<script type=\"application\/ld+json\" class=\"yoast-schema-graph\">{\"@context\":\"https:\/\/schema.org\",\"@graph\":[{\"@type\":\"WebPage\",\"@id\":\"https:\/\/www.monopolcity.com\/?page_id=697&lang=en\",\"url\":\"https:\/\/www.monopolcity.com\/?page_id=697&lang=en\",\"name\":\"Contact - Monopol City\",\"isPartOf\":{\"@id\":\"https:\/\/www.monopolcity.com\/#website\"},\"primaryImageOfPage\":{\"@id\":\"https:\/\/www.monopolcity.com\/?page_id=697&lang=en#primaryimage\"},\"image\":{\"@id\":\"https:\/\/www.monopolcity.com\/?page_id=697&lang=en#primaryimage\"},\"thumbnailUrl\":\"https:\/\/www.monopolcity.com\/wp-content\/uploads\/2022\/03\/Registration.jpg\",\"datePublished\":\"2022-01-30T14:53:51+00:00\",\"dateModified\":\"2022-03-09T23:32:16+00:00\",\"breadcrumb\":{\"@id\":\"https:\/\/www.monopolcity.com\/?page_id=697&lang=en#breadcrumb\"},\"inLanguage\":\"en-US\",\"potentialAction\":[{\"@type\":\"ReadAction\",\"target\":[\"https:\/\/www.monopolcity.com\/?page_id=697&lang=en\"]}]},{\"@type\":\"ImageObject\",\"inLanguage\":\"en-US\",\"@id\":\"https:\/\/www.monopolcity.com\/?page_id=697&lang=en#primaryimage\",\"url\":\"https:\/\/www.monopolcity.com\/wp-content\/uploads\/2022\/03\/Registration.jpg\",\"contentUrl\":\"https:\/\/www.monopolcity.com\/wp-content\/uploads\/2022\/03\/Registration.jpg\",\"width\":1920,\"height\":1280},{\"@type\":\"BreadcrumbList\",\"@id\":\"https:\/\/www.monopolcity.com\/?page_id=697&lang=en#breadcrumb\",\"itemListElement\":[{\"@type\":\"ListItem\",\"position\":1,\"name\":\"Home\",\"item\":\"https:\/\/www.monopolcity.com\/?page_id=17&lang=en\"},{\"@type\":\"ListItem\",\"position\":2,\"name\":\"Contact\"}]},{\"@type\":\"WebSite\",\"@id\":\"https:\/\/www.monopolcity.com\/#website\",\"url\":\"https:\/\/www.monopolcity.com\/\",\"name\":\"Monopol City\",\"description\":\"\",\"publisher\":{\"@id\":\"https:\/\/www.monopolcity.com\/#organization\"},\"potentialAction\":[{\"@type\":\"SearchAction\",\"target\":{\"@type\":\"EntryPoint\",\"urlTemplate\":\"https:\/\/www.monopolcity.com\/?s={search_term_string}\"},\"query-input\":{\"@type\":\"PropertyValueSpecification\",\"valueRequired\":true,\"valueName\":\"search_term_string\"}}],\"inLanguage\":\"en-US\"},{\"@type\":\"Organization\",\"@id\":\"https:\/\/www.monopolcity.com\/#organization\",\"name\":\"Monopol City\",\"url\":\"https:\/\/www.monopolcity.com\/\",\"logo\":{\"@type\":\"ImageObject\",\"inLanguage\":\"en-US\",\"@id\":\"https:\/\/www.monopolcity.com\/#\/schema\/logo\/image\/\",\"url\":\"https:\/\/www.monopolcity.com\/wp-content\/uploads\/2022\/07\/logo-seo-6.png\",\"contentUrl\":\"https:\/\/www.monopolcity.com\/wp-content\/uploads\/2022\/07\/logo-seo-6.png\",\"width\":352,\"height\":94,\"caption\":\"Monopol City\"},\"image\":{\"@id\":\"https:\/\/www.monopolcity.com\/#\/schema\/logo\/image\/\"},\"sameAs\":[\"https:\/\/www.facebook.com\/monopolcity.ks\/?ti=as\",\"https:\/\/x.com\/Monopolcity_ks\",\"https:\/\/www.instagram.com\/monopolcity.ks\"]}]}<\/script>\n<!-- \/ Yoast SEO plugin. -->","yoast_head_json":{"title":"Contact - Monopol City","robots":{"index":"index","follow":"follow","max-snippet":"max-snippet:-1","max-image-preview":"max-image-preview:large","max-video-preview":"max-video-preview:-1"},"canonical":"https:\/\/www.monopolcity.com\/?page_id=697&lang=en","og_locale":"en_US","og_type":"article","og_title":"Contact - Monopol City","og_description":"Visit us to our sales center at Zona Industriale For more information about available apartments in Monopol City, please fill out the form and we will contact you promptly.","og_url":"https:\/\/www.monopolcity.com\/?page_id=697&lang=en","og_site_name":"Monopol City","article_publisher":"https:\/\/www.facebook.com\/monopolcity.ks\/?ti=as","article_modified_time":"2022-03-09T23:32:16+00:00","og_image":[{"width":1920,"height":1280,"url":"https:\/\/www.monopolcity.com\/wp-content\/uploads\/2022\/03\/Registration.jpg","type":"image\/jpeg"}],"twitter_card":"summary_large_image","twitter_site":"@Monopolcity_ks","schema":{"@context":"https:\/\/schema.org","@graph":[{"@type":"WebPage","@id":"https:\/\/www.monopolcity.com\/?page_id=697&lang=en","url":"https:\/\/www.monopolcity.com\/?page_id=697&lang=en","name":"Contact - Monopol City","isPartOf":{"@id":"https:\/\/www.monopolcity.com\/#website"},"primaryImageOfPage":{"@id":"https:\/\/www.monopolcity.com\/?page_id=697&lang=en#primaryimage"},"image":{"@id":"https:\/\/www.monopolcity.com\/?page_id=697&lang=en#primaryimage"},"thumbnailUrl":"https:\/\/www.monopolcity.com\/wp-content\/uploads\/2022\/03\/Registration.jpg","datePublished":"2022-01-30T14:53:51+00:00","dateModified":"2022-03-09T23:32:16+00:00","breadcrumb":{"@id":"https:\/\/www.monopolcity.com\/?page_id=697&lang=en#breadcrumb"},"inLanguage":"en-US","potentialAction":[{"@type":"ReadAction","target":["https:\/\/www.monopolcity.com\/?page_id=697&lang=en"]}]},{"@type":"ImageObject","inLanguage":"en-US","@id":"https:\/\/www.monopolcity.com\/?page_id=697&lang=en#primaryimage","url":"https:\/\/www.monopolcity.com\/wp-content\/uploads\/2022\/03\/Registration.jpg","contentUrl":"https:\/\/www.monopolcity.com\/wp-content\/uploads\/2022\/03\/Registration.jpg","width":1920,"height":1280},{"@type":"BreadcrumbList","@id":"https:\/\/www.monopolcity.com\/?page_id=697&lang=en#breadcrumb","itemListElement":[{"@type":"ListItem","position":1,"name":"Home","item":"https:\/\/www.monopolcity.com\/?page_id=17&lang=en"},{"@type":"ListItem","position":2,"name":"Contact"}]},{"@type":"WebSite","@id":"https:\/\/www.monopolcity.com\/#website","url":"https:\/\/www.monopolcity.com\/","name":"Monopol City","description":"","publisher":{"@id":"https:\/\/www.monopolcity.com\/#organization"},"potentialAction":[{"@type":"SearchAction","target":{"@type":"EntryPoint","urlTemplate":"https:\/\/www.monopolcity.com\/?s={search_term_string}"},"query-input":{"@type":"PropertyValueSpecification","valueRequired":true,"valueName":"search_term_string"}}],"inLanguage":"en-US"},{"@type":"Organization","@id":"https:\/\/www.monopolcity.com\/#organization","name":"Monopol City","url":"https:\/\/www.monopolcity.com\/","logo":{"@type":"ImageObject","inLanguage":"en-US","@id":"https:\/\/www.monopolcity.com\/#\/schema\/logo\/image\/","url":"https:\/\/www.monopolcity.com\/wp-content\/uploads\/2022\/07\/logo-seo-6.png","contentUrl":"https:\/\/www.monopolcity.com\/wp-content\/uploads\/2022\/07\/logo-seo-6.png","width":352,"height":94,"caption":"Monopol City"},"image":{"@id":"https:\/\/www.monopolcity.com\/#\/schema\/logo\/image\/"},"sameAs":["https:\/\/www.facebook.com\/monopolcity.ks\/?ti=as","https:\/\/x.com\/Monopolcity_ks","https:\/\/www.instagram.com\/monopolcity.ks"]}]}},"lang":"en","translations":{"sq":1321,"en":697},"acf":{"free_number":"","local_number":"+383 49 502125","general_enquiries":"info@monopolcity.com ","media_enquiries":"info@monopolcity.com "},"pll_sync_post":[],"_links":{"self":[{"href":"https:\/\/www.monopolcity.com\/index.php?rest_route=\/wp\/v2\/pages\/697","targetHints":{"allow":["GET"]}}],"collection":[{"href":"https:\/\/www.monopolcity.com\/index.php?rest_route=\/wp\/v2\/pages"}],"about":[{"href":"https:\/\/www.monopolcity.com\/index.php?rest_route=\/wp\/v2\/types\/page"}],"author":[{"embeddable":true,"href":"https:\/\/www.monopolcity.com\/index.php?rest_route=\/wp\/v2\/users\/1"}],"replies":[{"embeddable":true,"href":"https:\/\/www.monopolcity.com\/index.php?rest_route=%2Fwp%2Fv2%2Fcomments&post=697"}],"version-history":[{"count":11,"href":"https:\/\/www.monopolcity.com\/index.php?rest_route=\/wp\/v2\/pages\/697\/revisions"}],"predecessor-version":[{"id":2377,"href":"https:\/\/www.monopolcity.com\/index.php?rest_route=\/wp\/v2\/pages\/697\/revisions\/2377"}],"wp:featuredmedia":[{"embeddable":true,"href":"https:\/\/www.monopolcity.com\/index.php?rest_route=\/wp\/v2\/media\/2340"}],"wp:attachment":[{"href":"https:\/\/www.monopolcity.com\/index.php?rest_route=%2Fwp%2Fv2%2Fmedia&parent=697"}],"curies":[{"name":"wp","href":"https:\/\/api.w.org\/{rel}","templated":true}]}}