{"id":634,"date":"2022-01-29T23:22:53","date_gmt":"2022-01-29T23:22:53","guid":{"rendered":"https:\/\/www.monopolcity.com\/?page_id=634"},"modified":"2022-03-09T22:53:46","modified_gmt":"2022-03-09T22:53:46","slug":"kosova-gjilani","status":"publish","type":"page","link":"https:\/\/www.monopolcity.com\/?page_id=634&lang=en","title":{"rendered":"Kosovo\/Gjilan"},"content":{"rendered":"\n<div class=\"wp-block-cover is-light has-parallax\" style=\"background-image:url(https:\/\/www.monopolcity.com\/wp-content\/uploads\/2022\/03\/wp2020996.jpg);min-height:609px;aspect-ratio:unset;\"><span aria-hidden=\"true\" class=\"wp-block-cover__gradient-background has-background-dim\"><\/span><div class=\"wp-block-cover__inner-container is-layout-flow wp-block-cover-is-layout-flow\">\n<p class=\"has-text-align-center custom-editor-center has-white-color has-text-color has-large-font-size\"><strong>Benefits of doing business in Kosovo<\/strong><\/p>\n\n\n\n<div style=\"height:40px\" aria-hidden=\"true\" class=\"wp-block-spacer\"><\/div>\n\n\n\n<div class=\"wp-block-group custom-editor-center is-content-justification-center is-layout-flex wp-container-core-group-is-layout-19578e90 wp-block-group-is-layout-flex\">\n<figure class=\"wp-block-table is-style-regular\"><table class=\"has-white-color has-text-color has-fixed-layout\"><tbody><tr><td class=\"has-text-align-left\" data-align=\"left\"><strong>Friendly for FDI<\/strong> <br>\u20222 days to set-up business <br>\u2022Online application <br>\u2022\u2248300M\u20ac yearly FDI<\/td><td><strong>Location &amp; Infrastructure<\/strong> <br>\u2022Center Balkan area \u2013 highways to borders <br>\u202221 flights per day to GAS region <br>\u2022All major cities connected through high-ways<\/td><\/tr><tr><td class=\"has-text-align-left\" data-align=\"left\"><strong>Economy<\/strong> <br>\u2022 Macroeconomic stability <br>\u2022 4.4% GDP growth <br>\u2022 Low inflation<\/td><td><strong>Demographics<\/strong> <br>\u2022 65% of the population under the age of 35<\/td><\/tr><tr><td class=\"has-text-align-left\" data-align=\"left\"><strong>Taxes<\/strong> <br>\u2022 10% corporate tax rate  <br>\u2022 0% -10% personal tax rate <br>\u2022 5% Social security contributions<\/td><td><strong>Labour Costs<\/strong> <br>\u2022 1,550 trained workforce entering the labour market for construction each year \u2022Avg. salary in construction 380 \u20ac p\/month<\/td><\/tr><\/tbody><\/table><\/figure>\n<\/div>\n\n\n\n<p class=\"has-text-align-center custom-editor-center has-white-color has-text-color\" style=\"font-size:16px\">f <\/p>\n<\/div><\/div>\n\n\n\n<div class=\"wp-block-group hidden-mobile hidden-desktop has-background is-layout-flex wp-block-group-is-layout-flex\" style=\"background-color:#313131\">\n<div style=\"height:30px\" aria-hidden=\"true\" class=\"wp-block-spacer\"><\/div>\n\n\n\n<div class=\"wp-block-group\"><div class=\"wp-block-group__inner-container is-layout-flow wp-block-group-is-layout-flow\">\n<div style=\"height:30px\" aria-hidden=\"true\" class=\"wp-block-spacer\"><\/div>\n<\/div><\/div>\n\n\n\n<div class=\"wp-block-columns is-layout-flex wp-container-core-columns-is-layout-9d6595d7 wp-block-columns-is-layout-flex\">\n<div class=\"wp-block-column is-vertically-aligned-center custom-editor-full-padding is-layout-flow wp-block-column-is-layout-flow\" style=\"flex-basis:33.33%\">\n<h4 class=\"has-white-color has-text-color wp-block-heading\" id=\"it-is-a-long-established-fact-that\">It is a long established fact that&nbsp;<\/h4>\n\n\n\n<p class=\"has-white-color has-text-color\">Contrary to popular belief, Lorem Ipsum is not simply random text. It has roots in a piece of classical Latin literature from 45 BC, making it over 2000 years old. Richard McClintock, a Latin professor at Hampden-Sydney College in Virginia, looked up one of the more obscure Latin words, consectetur, from a Lorem Ipsum passage, and going through the cites of the word in classical literature, discovered the undoubtable source. Lorem Ipsum comes from sections&nbsp;<\/p>\n<\/div>\n\n\n\n<div class=\"wp-block-column is-layout-flow wp-block-column-is-layout-flow\" style=\"flex-basis:66.66%\">\n<figure class=\"wp-block-image size-large\"><img decoding=\"async\" width=\"1024\" height=\"682\" src=\"https:\/\/www.monopolcity.com\/wp-content\/uploads\/2022\/01\/man-g4b84568da_1280-1024x682.jpg\" alt=\"\" class=\"wp-image-322\" srcset=\"https:\/\/www.monopolcity.com\/wp-content\/uploads\/2022\/01\/man-g4b84568da_1280-1024x682.jpg 1024w, https:\/\/www.monopolcity.com\/wp-content\/uploads\/2022\/01\/man-g4b84568da_1280-300x200.jpg 300w, https:\/\/www.monopolcity.com\/wp-content\/uploads\/2022\/01\/man-g4b84568da_1280-768x512.jpg 768w, https:\/\/www.monopolcity.com\/wp-content\/uploads\/2022\/01\/man-g4b84568da_1280.jpg 1280w\" sizes=\"(max-width: 1024px) 100vw, 1024px\" \/><\/figure>\n<\/div>\n<\/div>\n\n\n\n<div style=\"height:30px\" aria-hidden=\"true\" class=\"wp-block-spacer\"><\/div>\n<\/div>\n\n\n\n<div style=\"height:30px\" aria-hidden=\"true\" class=\"wp-block-spacer\"><\/div>\n\n\n\n<div class=\"wp-block-group is-layout-flex wp-block-group-is-layout-flex\">\n<div class=\"wp-block-columns hidden-mobile hidden-desktop is-layout-flex wp-container-core-columns-is-layout-9d6595d7 wp-block-columns-is-layout-flex\">\n<div class=\"wp-block-column is-layout-flow wp-block-column-is-layout-flow\" style=\"flex-basis:66.66%\">\n<figure class=\"wp-block-image size-large\"><img decoding=\"async\" width=\"1024\" height=\"683\" src=\"https:\/\/www.monopolcity.com\/wp-content\/uploads\/2022\/01\/erik-mclean-nfoRa6NHTbU-unsplash-min-1024x683.jpg\" alt=\"\" class=\"wp-image-336\" srcset=\"https:\/\/www.monopolcity.com\/wp-content\/uploads\/2022\/01\/erik-mclean-nfoRa6NHTbU-unsplash-min-1024x683.jpg 1024w, https:\/\/www.monopolcity.com\/wp-content\/uploads\/2022\/01\/erik-mclean-nfoRa6NHTbU-unsplash-min-300x200.jpg 300w, https:\/\/www.monopolcity.com\/wp-content\/uploads\/2022\/01\/erik-mclean-nfoRa6NHTbU-unsplash-min-768x512.jpg 768w, https:\/\/www.monopolcity.com\/wp-content\/uploads\/2022\/01\/erik-mclean-nfoRa6NHTbU-unsplash-min-1536x1024.jpg 1536w, https:\/\/www.monopolcity.com\/wp-content\/uploads\/2022\/01\/erik-mclean-nfoRa6NHTbU-unsplash-min-2048x1365.jpg 2048w\" sizes=\"(max-width: 1024px) 100vw, 1024px\" \/><\/figure>\n<\/div>\n\n\n\n<div class=\"wp-block-column is-vertically-aligned-center custom-editor-full-padding is-layout-flow wp-block-column-is-layout-flow\" style=\"flex-basis:33.33%\">\n<h5 class=\"wp-block-heading\" id=\"one-of-the-best-destinations-in-the-world\">One of the best destinations in the world<\/h5>\n\n\n\n<div style=\"height:20px\" aria-hidden=\"true\" class=\"wp-block-spacer\"><\/div>\n\n\n\n<p>Contrary to popular belief, Lorem Ipsum is not simply random text. It has roots in a piece of classical Latin literature from 45 BC, making it over 2000 years old. Richard McClintock, a Latin professor at Hampden-Sydney College in Virginia, looked up one of the more obscure Latin words, consectetur, from a Lorem Ipsum passage, and going through the cites of the word in classical literature, discovered the undoubtable source. Lorem Ipsum comes from sections&nbsp;<\/p>\n<\/div>\n<\/div>\n<\/div>\n\n\n\n<div class=\"wp-block-group is-content-justification-center is-layout-flex wp-container-core-group-is-layout-deaebb22 wp-block-group-is-layout-flex\"><\/div>\n","protected":false},"excerpt":{"rendered":"<p>It is a long established fact that&nbsp; Contrary to popular belief, Lorem Ipsum is not simply random text. It has roots in a piece of classical Latin literature from 45 BC, making it over 2000 years old. Richard McClintock, a Latin professor at Hampden-Sydney College in Virginia, looked up one of the more obscure Latin [&hellip;]<\/p>\n","protected":false},"author":1,"featured_media":0,"parent":533,"menu_order":0,"comment_status":"closed","ping_status":"closed","template":"template-parts\/template-kosovo.php","meta":{"inline_featured_image":false,"footnotes":""},"class_list":["post-634","page","type-page","status-publish","hentry"],"yoast_head":"<!-- This site is optimized with the Yoast SEO plugin v26.3 - https:\/\/yoast.com\/wordpress\/plugins\/seo\/ -->\n<title>Kosovo\/Gjilan - Monopol City<\/title>\n<meta name=\"robots\" content=\"index, follow, max-snippet:-1, max-image-preview:large, max-video-preview:-1\" \/>\n<link rel=\"canonical\" href=\"https:\/\/www.monopolcity.com\/?page_id=634&lang=en\" \/>\n<meta property=\"og:locale\" content=\"en_US\" \/>\n<meta property=\"og:type\" content=\"article\" \/>\n<meta property=\"og:title\" content=\"Kosovo\/Gjilan - Monopol City\" \/>\n<meta property=\"og:description\" content=\"It is a long established fact that&nbsp; Contrary to popular belief, Lorem Ipsum is not simply random text. It has roots in a piece of classical Latin literature from 45 BC, making it over 2000 years old. Richard McClintock, a Latin professor at Hampden-Sydney College in Virginia, looked up one of the more obscure Latin [&hellip;]\" \/>\n<meta property=\"og:url\" content=\"https:\/\/www.monopolcity.com\/?page_id=634&amp;lang=en\" \/>\n<meta property=\"og:site_name\" content=\"Monopol City\" \/>\n<meta property=\"article:publisher\" content=\"https:\/\/www.facebook.com\/monopolcity.ks\/?ti=as\" \/>\n<meta property=\"article:modified_time\" content=\"2022-03-09T22:53:46+00:00\" \/>\n<meta property=\"og:image\" content=\"https:\/\/www.monopolcity.com\/wp-content\/uploads\/2022\/01\/man-g4b84568da_1280-1024x682.jpg\" \/>\n<meta name=\"twitter:card\" content=\"summary_large_image\" \/>\n<meta name=\"twitter:site\" content=\"@Monopolcity_ks\" \/>\n<meta name=\"twitter:label1\" content=\"Est. reading time\" \/>\n\t<meta name=\"twitter:data1\" content=\"1 minute\" \/>\n<script type=\"application\/ld+json\" class=\"yoast-schema-graph\">{\"@context\":\"https:\/\/schema.org\",\"@graph\":[{\"@type\":\"WebPage\",\"@id\":\"https:\/\/www.monopolcity.com\/?page_id=634&lang=en\",\"url\":\"https:\/\/www.monopolcity.com\/?page_id=634&lang=en\",\"name\":\"Kosovo\/Gjilan - Monopol City\",\"isPartOf\":{\"@id\":\"https:\/\/www.monopolcity.com\/#website\"},\"primaryImageOfPage\":{\"@id\":\"https:\/\/www.monopolcity.com\/?page_id=634&lang=en#primaryimage\"},\"image\":{\"@id\":\"https:\/\/www.monopolcity.com\/?page_id=634&lang=en#primaryimage\"},\"thumbnailUrl\":\"https:\/\/www.monopolcity.com\/wp-content\/uploads\/2022\/01\/man-g4b84568da_1280-1024x682.jpg\",\"datePublished\":\"2022-01-29T23:22:53+00:00\",\"dateModified\":\"2022-03-09T22:53:46+00:00\",\"breadcrumb\":{\"@id\":\"https:\/\/www.monopolcity.com\/?page_id=634&lang=en#breadcrumb\"},\"inLanguage\":\"en-US\",\"potentialAction\":[{\"@type\":\"ReadAction\",\"target\":[\"https:\/\/www.monopolcity.com\/?page_id=634&lang=en\"]}]},{\"@type\":\"ImageObject\",\"inLanguage\":\"en-US\",\"@id\":\"https:\/\/www.monopolcity.com\/?page_id=634&lang=en#primaryimage\",\"url\":\"https:\/\/www.monopolcity.com\/wp-content\/uploads\/2022\/01\/man-g4b84568da_1280.jpg\",\"contentUrl\":\"https:\/\/www.monopolcity.com\/wp-content\/uploads\/2022\/01\/man-g4b84568da_1280.jpg\",\"width\":1280,\"height\":853},{\"@type\":\"BreadcrumbList\",\"@id\":\"https:\/\/www.monopolcity.com\/?page_id=634&lang=en#breadcrumb\",\"itemListElement\":[{\"@type\":\"ListItem\",\"position\":1,\"name\":\"Home\",\"item\":\"https:\/\/www.monopolcity.com\/?page_id=17&lang=en\"},{\"@type\":\"ListItem\",\"position\":2,\"name\":\"About\",\"item\":\"https:\/\/www.monopolcity.com\/?page_id=533&lang=en\"},{\"@type\":\"ListItem\",\"position\":3,\"name\":\"Kosovo\/Gjilan\"}]},{\"@type\":\"WebSite\",\"@id\":\"https:\/\/www.monopolcity.com\/#website\",\"url\":\"https:\/\/www.monopolcity.com\/\",\"name\":\"Monopol City\",\"description\":\"\",\"publisher\":{\"@id\":\"https:\/\/www.monopolcity.com\/#organization\"},\"potentialAction\":[{\"@type\":\"SearchAction\",\"target\":{\"@type\":\"EntryPoint\",\"urlTemplate\":\"https:\/\/www.monopolcity.com\/?s={search_term_string}\"},\"query-input\":{\"@type\":\"PropertyValueSpecification\",\"valueRequired\":true,\"valueName\":\"search_term_string\"}}],\"inLanguage\":\"en-US\"},{\"@type\":\"Organization\",\"@id\":\"https:\/\/www.monopolcity.com\/#organization\",\"name\":\"Monopol City\",\"url\":\"https:\/\/www.monopolcity.com\/\",\"logo\":{\"@type\":\"ImageObject\",\"inLanguage\":\"en-US\",\"@id\":\"https:\/\/www.monopolcity.com\/#\/schema\/logo\/image\/\",\"url\":\"https:\/\/www.monopolcity.com\/wp-content\/uploads\/2022\/07\/logo-seo-6.png\",\"contentUrl\":\"https:\/\/www.monopolcity.com\/wp-content\/uploads\/2022\/07\/logo-seo-6.png\",\"width\":352,\"height\":94,\"caption\":\"Monopol City\"},\"image\":{\"@id\":\"https:\/\/www.monopolcity.com\/#\/schema\/logo\/image\/\"},\"sameAs\":[\"https:\/\/www.facebook.com\/monopolcity.ks\/?ti=as\",\"https:\/\/x.com\/Monopolcity_ks\",\"https:\/\/www.instagram.com\/monopolcity.ks\"]}]}<\/script>\n<!-- \/ Yoast SEO plugin. -->","yoast_head_json":{"title":"Kosovo\/Gjilan - Monopol City","robots":{"index":"index","follow":"follow","max-snippet":"max-snippet:-1","max-image-preview":"max-image-preview:large","max-video-preview":"max-video-preview:-1"},"canonical":"https:\/\/www.monopolcity.com\/?page_id=634&lang=en","og_locale":"en_US","og_type":"article","og_title":"Kosovo\/Gjilan - Monopol City","og_description":"It is a long established fact that&nbsp; Contrary to popular belief, Lorem Ipsum is not simply random text. It has roots in a piece of classical Latin literature from 45 BC, making it over 2000 years old. Richard McClintock, a Latin professor at Hampden-Sydney College in Virginia, looked up one of the more obscure Latin [&hellip;]","og_url":"https:\/\/www.monopolcity.com\/?page_id=634&lang=en","og_site_name":"Monopol City","article_publisher":"https:\/\/www.facebook.com\/monopolcity.ks\/?ti=as","article_modified_time":"2022-03-09T22:53:46+00:00","og_image":[{"url":"https:\/\/www.monopolcity.com\/wp-content\/uploads\/2022\/01\/man-g4b84568da_1280-1024x682.jpg","type":"","width":"","height":""}],"twitter_card":"summary_large_image","twitter_site":"@Monopolcity_ks","twitter_misc":{"Est. reading time":"1 minute"},"schema":{"@context":"https:\/\/schema.org","@graph":[{"@type":"WebPage","@id":"https:\/\/www.monopolcity.com\/?page_id=634&lang=en","url":"https:\/\/www.monopolcity.com\/?page_id=634&lang=en","name":"Kosovo\/Gjilan - Monopol City","isPartOf":{"@id":"https:\/\/www.monopolcity.com\/#website"},"primaryImageOfPage":{"@id":"https:\/\/www.monopolcity.com\/?page_id=634&lang=en#primaryimage"},"image":{"@id":"https:\/\/www.monopolcity.com\/?page_id=634&lang=en#primaryimage"},"thumbnailUrl":"https:\/\/www.monopolcity.com\/wp-content\/uploads\/2022\/01\/man-g4b84568da_1280-1024x682.jpg","datePublished":"2022-01-29T23:22:53+00:00","dateModified":"2022-03-09T22:53:46+00:00","breadcrumb":{"@id":"https:\/\/www.monopolcity.com\/?page_id=634&lang=en#breadcrumb"},"inLanguage":"en-US","potentialAction":[{"@type":"ReadAction","target":["https:\/\/www.monopolcity.com\/?page_id=634&lang=en"]}]},{"@type":"ImageObject","inLanguage":"en-US","@id":"https:\/\/www.monopolcity.com\/?page_id=634&lang=en#primaryimage","url":"https:\/\/www.monopolcity.com\/wp-content\/uploads\/2022\/01\/man-g4b84568da_1280.jpg","contentUrl":"https:\/\/www.monopolcity.com\/wp-content\/uploads\/2022\/01\/man-g4b84568da_1280.jpg","width":1280,"height":853},{"@type":"BreadcrumbList","@id":"https:\/\/www.monopolcity.com\/?page_id=634&lang=en#breadcrumb","itemListElement":[{"@type":"ListItem","position":1,"name":"Home","item":"https:\/\/www.monopolcity.com\/?page_id=17&lang=en"},{"@type":"ListItem","position":2,"name":"About","item":"https:\/\/www.monopolcity.com\/?page_id=533&lang=en"},{"@type":"ListItem","position":3,"name":"Kosovo\/Gjilan"}]},{"@type":"WebSite","@id":"https:\/\/www.monopolcity.com\/#website","url":"https:\/\/www.monopolcity.com\/","name":"Monopol City","description":"","publisher":{"@id":"https:\/\/www.monopolcity.com\/#organization"},"potentialAction":[{"@type":"SearchAction","target":{"@type":"EntryPoint","urlTemplate":"https:\/\/www.monopolcity.com\/?s={search_term_string}"},"query-input":{"@type":"PropertyValueSpecification","valueRequired":true,"valueName":"search_term_string"}}],"inLanguage":"en-US"},{"@type":"Organization","@id":"https:\/\/www.monopolcity.com\/#organization","name":"Monopol City","url":"https:\/\/www.monopolcity.com\/","logo":{"@type":"ImageObject","inLanguage":"en-US","@id":"https:\/\/www.monopolcity.com\/#\/schema\/logo\/image\/","url":"https:\/\/www.monopolcity.com\/wp-content\/uploads\/2022\/07\/logo-seo-6.png","contentUrl":"https:\/\/www.monopolcity.com\/wp-content\/uploads\/2022\/07\/logo-seo-6.png","width":352,"height":94,"caption":"Monopol City"},"image":{"@id":"https:\/\/www.monopolcity.com\/#\/schema\/logo\/image\/"},"sameAs":["https:\/\/www.facebook.com\/monopolcity.ks\/?ti=as","https:\/\/x.com\/Monopolcity_ks","https:\/\/www.instagram.com\/monopolcity.ks"]}]}},"lang":"en","translations":{"sq":1042,"en":634},"acf":{"custom_title":"Fleta e t\u00eb dh\u00ebnave p\u00ebr Kosov\u00ebn","editor_custom_cnt":"<table width=\"485\">\n<tbody>\n<tr>\n<td width=\"294\"><b>Sip\u00ebrfaqe<\/b><\/td>\n<td width=\"191\"><b>10.908 km<\/b><b>2<\/b><\/td>\n<\/tr>\n<tr>\n<td width=\"294\">Popullsia<\/td>\n<td width=\"191\">1.8 Milion<\/td>\n<\/tr>\n<tr>\n<td width=\"294\">Valuta<\/td>\n<td width=\"191\">\u20ac (Euro)<\/td>\n<\/tr>\n<tr>\n<td width=\"294\">GDP<\/td>\n<td width=\"191\">7.9 B \u20ac<\/td>\n<\/tr>\n<tr>\n<td width=\"294\">Rrithja e GDP(frcst 2021)<\/td>\n<td width=\"191\">7.1%<\/td>\n<\/tr>\n<tr>\n<td width=\"294\">GDP p\u00ebr nd\u00ebrtim<\/td>\n<td width=\"191\">148 M \u20ac<\/td>\n<\/tr>\n<tr>\n<td width=\"294\">GDP per capita<\/td>\n<td width=\"191\">3,812 \u20ac<\/td>\n<\/tr>\n<tr>\n<td width=\"294\">Rritja e inflacionit<\/td>\n<td width=\"191\">1.2%<\/td>\n<\/tr>\n<tr>\n<td width=\"294\">Taksa e korporatave<\/td>\n<td width=\"191\">10%<\/td>\n<\/tr>\n<tr>\n<td width=\"294\">Rritja e papun\u00ebsis\u00eb<\/td>\n<td width=\"191\">24.5%<\/td>\n<\/tr>\n<\/tbody>\n<\/table>\n<p>&nbsp;<\/p>\n","editor_image":{"ID":2280,"id":2280,"title":"flag-republic-kosovo-wallpaper-preview","filename":"flag-republic-kosovo-wallpaper-preview.jpg","filesize":49806,"url":"https:\/\/www.monopolcity.com\/wp-content\/uploads\/2022\/03\/flag-republic-kosovo-wallpaper-preview.jpg","link":"https:\/\/www.monopolcity.com\/?attachment_id=2280","alt":"","author":"1","description":"","caption":"","name":"flag-republic-kosovo-wallpaper-preview","status":"inherit","uploaded_to":1042,"date":"2022-03-09 22:27:47","modified":"2022-03-09 22:27:47","menu_order":0,"mime_type":"image\/jpeg","type":"image","subtype":"jpeg","icon":"https:\/\/www.monopolcity.com\/wp-includes\/images\/media\/default.png","width":728,"height":410,"sizes":{"thumbnail":"https:\/\/www.monopolcity.com\/wp-content\/uploads\/2022\/03\/flag-republic-kosovo-wallpaper-preview-150x150.jpg","thumbnail-width":150,"thumbnail-height":150,"medium":"https:\/\/www.monopolcity.com\/wp-content\/uploads\/2022\/03\/flag-republic-kosovo-wallpaper-preview-300x169.jpg","medium-width":300,"medium-height":169,"medium_large":"https:\/\/www.monopolcity.com\/wp-content\/uploads\/2022\/03\/flag-republic-kosovo-wallpaper-preview.jpg","medium_large-width":640,"medium_large-height":360,"large":"https:\/\/www.monopolcity.com\/wp-content\/uploads\/2022\/03\/flag-republic-kosovo-wallpaper-preview.jpg","large-width":640,"large-height":360,"1536x1536":"https:\/\/www.monopolcity.com\/wp-content\/uploads\/2022\/03\/flag-republic-kosovo-wallpaper-preview.jpg","1536x1536-width":728,"1536x1536-height":410,"2048x2048":"https:\/\/www.monopolcity.com\/wp-content\/uploads\/2022\/03\/flag-republic-kosovo-wallpaper-preview.jpg","2048x2048-width":728,"2048x2048-height":410,"homeslider":"https:\/\/www.monopolcity.com\/wp-content\/uploads\/2022\/03\/flag-republic-kosovo-wallpaper-preview.jpg","homeslider-width":700,"homeslider-height":394}},"link_to_page_news":"","link_to_page_press":"","link_to_page_blog":""},"pll_sync_post":[],"_links":{"self":[{"href":"https:\/\/www.monopolcity.com\/index.php?rest_route=\/wp\/v2\/pages\/634","targetHints":{"allow":["GET"]}}],"collection":[{"href":"https:\/\/www.monopolcity.com\/index.php?rest_route=\/wp\/v2\/pages"}],"about":[{"href":"https:\/\/www.monopolcity.com\/index.php?rest_route=\/wp\/v2\/types\/page"}],"author":[{"embeddable":true,"href":"https:\/\/www.monopolcity.com\/index.php?rest_route=\/wp\/v2\/users\/1"}],"replies":[{"embeddable":true,"href":"https:\/\/www.monopolcity.com\/index.php?rest_route=%2Fwp%2Fv2%2Fcomments&post=634"}],"version-history":[{"count":41,"href":"https:\/\/www.monopolcity.com\/index.php?rest_route=\/wp\/v2\/pages\/634\/revisions"}],"predecessor-version":[{"id":2333,"href":"https:\/\/www.monopolcity.com\/index.php?rest_route=\/wp\/v2\/pages\/634\/revisions\/2333"}],"up":[{"embeddable":true,"href":"https:\/\/www.monopolcity.com\/index.php?rest_route=\/wp\/v2\/pages\/533"}],"wp:attachment":[{"href":"https:\/\/www.monopolcity.com\/index.php?rest_route=%2Fwp%2Fv2%2Fmedia&parent=634"}],"curies":[{"name":"wp","href":"https:\/\/api.w.org\/{rel}","templated":true}]}}