{"id":588,"date":"2022-01-29T22:13:20","date_gmt":"2022-01-29T22:13:20","guid":{"rendered":"https:\/\/www.monopolcity.com\/?page_id=588"},"modified":"2022-03-13T17:46:22","modified_gmt":"2022-03-13T17:46:22","slug":"exclusive-group","status":"publish","type":"page","link":"https:\/\/www.monopolcity.com\/?page_id=588&lang=en","title":{"rendered":"Exclusive Group"},"content":{"rendered":"\n<div class=\"wp-block-cover\"><span aria-hidden=\"true\" class=\"wp-block-cover__gradient-background has-background-dim\"><\/span><img decoding=\"async\" width=\"2560\" height=\"1440\" class=\"wp-block-cover__image-background wp-image-2174\" alt=\"\" src=\"https:\/\/www.monopolcity.com\/wp-content\/uploads\/2022\/03\/F3_night_paint-scaled.jpg\" data-object-fit=\"cover\" srcset=\"https:\/\/www.monopolcity.com\/wp-content\/uploads\/2022\/03\/F3_night_paint-scaled.jpg 2560w, https:\/\/www.monopolcity.com\/wp-content\/uploads\/2022\/03\/F3_night_paint-300x169.jpg 300w, https:\/\/www.monopolcity.com\/wp-content\/uploads\/2022\/03\/F3_night_paint-1024x576.jpg 1024w, https:\/\/www.monopolcity.com\/wp-content\/uploads\/2022\/03\/F3_night_paint-768x432.jpg 768w, https:\/\/www.monopolcity.com\/wp-content\/uploads\/2022\/03\/F3_night_paint-1536x864.jpg 1536w, https:\/\/www.monopolcity.com\/wp-content\/uploads\/2022\/03\/F3_night_paint-2048x1152.jpg 2048w\" sizes=\"(max-width: 2560px) 100vw, 2560px\" \/><div class=\"wp-block-cover__inner-container is-layout-flow wp-block-cover-is-layout-flow\">\n<p class=\"has-text-align-center has-white-color has-text-color has-large-font-size\">Investor<\/p>\n\n\n\n<p class=\"has-text-align-center custom-editor-center has-white-color has-text-color\">Exclusive Group presents the group of 9 divisions &#8211; companies operating in three countries, Kosovo, Albania and Bosnia and Herzegovina.<\/p>\n\n\n\n<p><\/p>\n<\/div><\/div>\n\n\n\n<div style=\"height:40px\" aria-hidden=\"true\" class=\"wp-block-spacer\"><\/div>\n\n\n\n<div class=\"wp-block-group is-content-justification-center is-layout-flex wp-container-core-group-is-layout-19578e90 wp-block-group-is-layout-flex\">\n<div class=\"wp-block-columns has-background is-layout-flex wp-container-core-columns-is-layout-9d6595d7 wp-block-columns-is-layout-flex\" style=\"background-color:#313131\">\n<div class=\"wp-block-column is-layout-flow wp-block-column-is-layout-flow\">\n<div style=\"height:40px\" aria-hidden=\"true\" class=\"wp-block-spacer\"><\/div>\n\n\n\n<p class=\"has-white-color has-text-color\">Distribution of products of well-known multinational companies, manufacturing, marketing and IT services, as well as real estate construction are the activities of the group that has over 600 employees.<\/p>\n\n\n\n<p class=\"has-text-align-center has-white-color has-text-color\">Gazmend Abrashi, owner and CEO of Exclusive Group in his successful work over 30 years has proven that setting the highest standards are feasible challenges.<\/p>\n\n\n\n<div style=\"height:40px\" aria-hidden=\"true\" class=\"wp-block-spacer\"><\/div>\n<\/div>\n<\/div>\n<\/div>\n\n\n\n<div style=\"height:60px\" aria-hidden=\"true\" class=\"wp-block-spacer\"><\/div>\n\n\n\n<div class=\"wp-block-group is-layout-flex wp-block-group-is-layout-flex\"><\/div>\n","protected":false},"excerpt":{"rendered":"<p>Distribution of products of well-known multinational companies, manufacturing, marketing and IT services, as well as real estate construction are the activities of the group that has over 600 employees. Gazmend Abrashi, owner and CEO of Exclusive Group in his successful work over 30 years has proven that setting the highest standards are feasible challenges.<\/p>\n","protected":false},"author":1,"featured_media":0,"parent":533,"menu_order":0,"comment_status":"closed","ping_status":"closed","template":"template-parts\/template-exclusive-group.php","meta":{"inline_featured_image":false,"footnotes":""},"class_list":["post-588","page","type-page","status-publish","hentry"],"yoast_head":"<!-- This site is optimized with the Yoast SEO plugin v26.3 - https:\/\/yoast.com\/wordpress\/plugins\/seo\/ -->\n<title>Exclusive Group - Monopol City<\/title>\n<meta name=\"robots\" content=\"index, follow, max-snippet:-1, max-image-preview:large, max-video-preview:-1\" \/>\n<link rel=\"canonical\" href=\"https:\/\/www.monopolcity.com\/?page_id=588&lang=en\" \/>\n<meta property=\"og:locale\" content=\"en_US\" \/>\n<meta property=\"og:type\" content=\"article\" \/>\n<meta property=\"og:title\" content=\"Exclusive Group - Monopol City\" \/>\n<meta property=\"og:description\" content=\"Distribution of products of well-known multinational companies, manufacturing, marketing and IT services, as well as real estate construction are the activities of the group that has over 600 employees. Gazmend Abrashi, owner and CEO of Exclusive Group in his successful work over 30 years has proven that setting the highest standards are feasible challenges.\" \/>\n<meta property=\"og:url\" content=\"https:\/\/www.monopolcity.com\/?page_id=588&amp;lang=en\" \/>\n<meta property=\"og:site_name\" content=\"Monopol City\" \/>\n<meta property=\"article:publisher\" content=\"https:\/\/www.facebook.com\/monopolcity.ks\/?ti=as\" \/>\n<meta property=\"article:modified_time\" content=\"2022-03-13T17:46:22+00:00\" \/>\n<meta property=\"og:image\" content=\"https:\/\/www.monopolcity.com\/wp-content\/uploads\/2022\/03\/F3_night_paint-scaled.jpg\" \/>\n<meta name=\"twitter:card\" content=\"summary_large_image\" \/>\n<meta name=\"twitter:site\" content=\"@Monopolcity_ks\" \/>\n<script type=\"application\/ld+json\" class=\"yoast-schema-graph\">{\"@context\":\"https:\/\/schema.org\",\"@graph\":[{\"@type\":\"WebPage\",\"@id\":\"https:\/\/www.monopolcity.com\/?page_id=588&lang=en\",\"url\":\"https:\/\/www.monopolcity.com\/?page_id=588&lang=en\",\"name\":\"Exclusive Group - Monopol City\",\"isPartOf\":{\"@id\":\"https:\/\/www.monopolcity.com\/#website\"},\"primaryImageOfPage\":{\"@id\":\"https:\/\/www.monopolcity.com\/?page_id=588&lang=en#primaryimage\"},\"image\":{\"@id\":\"https:\/\/www.monopolcity.com\/?page_id=588&lang=en#primaryimage\"},\"thumbnailUrl\":\"https:\/\/www.monopolcity.com\/wp-content\/uploads\/2022\/03\/F3_night_paint-scaled.jpg\",\"datePublished\":\"2022-01-29T22:13:20+00:00\",\"dateModified\":\"2022-03-13T17:46:22+00:00\",\"breadcrumb\":{\"@id\":\"https:\/\/www.monopolcity.com\/?page_id=588&lang=en#breadcrumb\"},\"inLanguage\":\"en-US\",\"potentialAction\":[{\"@type\":\"ReadAction\",\"target\":[\"https:\/\/www.monopolcity.com\/?page_id=588&lang=en\"]}]},{\"@type\":\"ImageObject\",\"inLanguage\":\"en-US\",\"@id\":\"https:\/\/www.monopolcity.com\/?page_id=588&lang=en#primaryimage\",\"url\":\"https:\/\/www.monopolcity.com\/wp-content\/uploads\/2022\/03\/F3_night_paint-scaled.jpg\",\"contentUrl\":\"https:\/\/www.monopolcity.com\/wp-content\/uploads\/2022\/03\/F3_night_paint-scaled.jpg\",\"width\":2560,\"height\":1440},{\"@type\":\"BreadcrumbList\",\"@id\":\"https:\/\/www.monopolcity.com\/?page_id=588&lang=en#breadcrumb\",\"itemListElement\":[{\"@type\":\"ListItem\",\"position\":1,\"name\":\"Home\",\"item\":\"https:\/\/www.monopolcity.com\/?page_id=17&lang=en\"},{\"@type\":\"ListItem\",\"position\":2,\"name\":\"About\",\"item\":\"https:\/\/www.monopolcity.com\/?page_id=533&lang=en\"},{\"@type\":\"ListItem\",\"position\":3,\"name\":\"Exclusive Group\"}]},{\"@type\":\"WebSite\",\"@id\":\"https:\/\/www.monopolcity.com\/#website\",\"url\":\"https:\/\/www.monopolcity.com\/\",\"name\":\"Monopol City\",\"description\":\"\",\"publisher\":{\"@id\":\"https:\/\/www.monopolcity.com\/#organization\"},\"potentialAction\":[{\"@type\":\"SearchAction\",\"target\":{\"@type\":\"EntryPoint\",\"urlTemplate\":\"https:\/\/www.monopolcity.com\/?s={search_term_string}\"},\"query-input\":{\"@type\":\"PropertyValueSpecification\",\"valueRequired\":true,\"valueName\":\"search_term_string\"}}],\"inLanguage\":\"en-US\"},{\"@type\":\"Organization\",\"@id\":\"https:\/\/www.monopolcity.com\/#organization\",\"name\":\"Monopol City\",\"url\":\"https:\/\/www.monopolcity.com\/\",\"logo\":{\"@type\":\"ImageObject\",\"inLanguage\":\"en-US\",\"@id\":\"https:\/\/www.monopolcity.com\/#\/schema\/logo\/image\/\",\"url\":\"https:\/\/www.monopolcity.com\/wp-content\/uploads\/2022\/07\/logo-seo-6.png\",\"contentUrl\":\"https:\/\/www.monopolcity.com\/wp-content\/uploads\/2022\/07\/logo-seo-6.png\",\"width\":352,\"height\":94,\"caption\":\"Monopol City\"},\"image\":{\"@id\":\"https:\/\/www.monopolcity.com\/#\/schema\/logo\/image\/\"},\"sameAs\":[\"https:\/\/www.facebook.com\/monopolcity.ks\/?ti=as\",\"https:\/\/x.com\/Monopolcity_ks\",\"https:\/\/www.instagram.com\/monopolcity.ks\"]}]}<\/script>\n<!-- \/ Yoast SEO plugin. -->","yoast_head_json":{"title":"Exclusive Group - Monopol City","robots":{"index":"index","follow":"follow","max-snippet":"max-snippet:-1","max-image-preview":"max-image-preview:large","max-video-preview":"max-video-preview:-1"},"canonical":"https:\/\/www.monopolcity.com\/?page_id=588&lang=en","og_locale":"en_US","og_type":"article","og_title":"Exclusive Group - Monopol City","og_description":"Distribution of products of well-known multinational companies, manufacturing, marketing and IT services, as well as real estate construction are the activities of the group that has over 600 employees. Gazmend Abrashi, owner and CEO of Exclusive Group in his successful work over 30 years has proven that setting the highest standards are feasible challenges.","og_url":"https:\/\/www.monopolcity.com\/?page_id=588&lang=en","og_site_name":"Monopol City","article_publisher":"https:\/\/www.facebook.com\/monopolcity.ks\/?ti=as","article_modified_time":"2022-03-13T17:46:22+00:00","og_image":[{"url":"https:\/\/www.monopolcity.com\/wp-content\/uploads\/2022\/03\/F3_night_paint-scaled.jpg","type":"","width":"","height":""}],"twitter_card":"summary_large_image","twitter_site":"@Monopolcity_ks","schema":{"@context":"https:\/\/schema.org","@graph":[{"@type":"WebPage","@id":"https:\/\/www.monopolcity.com\/?page_id=588&lang=en","url":"https:\/\/www.monopolcity.com\/?page_id=588&lang=en","name":"Exclusive Group - Monopol City","isPartOf":{"@id":"https:\/\/www.monopolcity.com\/#website"},"primaryImageOfPage":{"@id":"https:\/\/www.monopolcity.com\/?page_id=588&lang=en#primaryimage"},"image":{"@id":"https:\/\/www.monopolcity.com\/?page_id=588&lang=en#primaryimage"},"thumbnailUrl":"https:\/\/www.monopolcity.com\/wp-content\/uploads\/2022\/03\/F3_night_paint-scaled.jpg","datePublished":"2022-01-29T22:13:20+00:00","dateModified":"2022-03-13T17:46:22+00:00","breadcrumb":{"@id":"https:\/\/www.monopolcity.com\/?page_id=588&lang=en#breadcrumb"},"inLanguage":"en-US","potentialAction":[{"@type":"ReadAction","target":["https:\/\/www.monopolcity.com\/?page_id=588&lang=en"]}]},{"@type":"ImageObject","inLanguage":"en-US","@id":"https:\/\/www.monopolcity.com\/?page_id=588&lang=en#primaryimage","url":"https:\/\/www.monopolcity.com\/wp-content\/uploads\/2022\/03\/F3_night_paint-scaled.jpg","contentUrl":"https:\/\/www.monopolcity.com\/wp-content\/uploads\/2022\/03\/F3_night_paint-scaled.jpg","width":2560,"height":1440},{"@type":"BreadcrumbList","@id":"https:\/\/www.monopolcity.com\/?page_id=588&lang=en#breadcrumb","itemListElement":[{"@type":"ListItem","position":1,"name":"Home","item":"https:\/\/www.monopolcity.com\/?page_id=17&lang=en"},{"@type":"ListItem","position":2,"name":"About","item":"https:\/\/www.monopolcity.com\/?page_id=533&lang=en"},{"@type":"ListItem","position":3,"name":"Exclusive Group"}]},{"@type":"WebSite","@id":"https:\/\/www.monopolcity.com\/#website","url":"https:\/\/www.monopolcity.com\/","name":"Monopol City","description":"","publisher":{"@id":"https:\/\/www.monopolcity.com\/#organization"},"potentialAction":[{"@type":"SearchAction","target":{"@type":"EntryPoint","urlTemplate":"https:\/\/www.monopolcity.com\/?s={search_term_string}"},"query-input":{"@type":"PropertyValueSpecification","valueRequired":true,"valueName":"search_term_string"}}],"inLanguage":"en-US"},{"@type":"Organization","@id":"https:\/\/www.monopolcity.com\/#organization","name":"Monopol City","url":"https:\/\/www.monopolcity.com\/","logo":{"@type":"ImageObject","inLanguage":"en-US","@id":"https:\/\/www.monopolcity.com\/#\/schema\/logo\/image\/","url":"https:\/\/www.monopolcity.com\/wp-content\/uploads\/2022\/07\/logo-seo-6.png","contentUrl":"https:\/\/www.monopolcity.com\/wp-content\/uploads\/2022\/07\/logo-seo-6.png","width":352,"height":94,"caption":"Monopol City"},"image":{"@id":"https:\/\/www.monopolcity.com\/#\/schema\/logo\/image\/"},"sameAs":["https:\/\/www.facebook.com\/monopolcity.ks\/?ti=as","https:\/\/x.com\/Monopolcity_ks","https:\/\/www.instagram.com\/monopolcity.ks"]}]}},"lang":"en","translations":{"sq":1044,"en":588},"acf":{"editor_custom_cnt":"<p>Exclusive Group prezenton grupacionin prej 9 divizioneve &#8211; kompanive q\u00eb operojn\u00eb n\u00eb tri shtete, Kosov\u00eb, Shqip\u00ebri dhe Bosnje e Hercegovin\u00eb.<br \/>Distribucioni i produkteve t\u00eb kompanive t\u00eb njohura multinacionale, prodhimtaria, sh\u00ebrbime t\u00eb marketingut dhe IT, si dhe nd\u00ebrtimtaria me patundshm\u00ebri jan\u00eb aktivitetet e grupacionit q\u00eb ka t\u00eb pun\u00ebsuar mbi 600 pun\u00ebtor\u00eb.<br \/>Z. Gazmend Abrashi pronari dhe CEO i Exclusive Group, n\u00eb pun\u00ebn e tij t\u00eb suksesshme mbi 30 vje\u00e7are ka d\u00ebshmuar se p\u00ebrcaktimi i standardeve m\u00eb t\u00eb larta \u00ebsht\u00eb sfid\u00eb e realizueshme. <br \/>Monopol City si pjes\u00eb e Exclusive Group sjell standardet m\u00eb t\u00eb larta t\u00eb planifikimit, projektimit, nd\u00ebrtimit dhe menaxhimit t\u00eb kompleksit banesor\u00eb afarist n\u00eb zem\u00ebr t\u00eb Gjilanit, q\u00eb p\u00ebr rezident\u00ebt e tij por edhe p\u00ebr vizitor\u00ebt sjell nj\u00eb koncept t\u00eb avansuar t\u00eb jet\u00ebs rezidenciale p\u00ebr t\u00eb mund\u00ebsuar ta shfryt\u00ebzoni dhe shijoni \u00e7do cep t\u00eb Monoopol City.<\/p>\n","cities_getting_beautified":"600","monopol_cities_destinations":"9","mixed-use_projects":"4","luxury_hotels":"11","link_to_page_news":"","link_to_page_press":"","link_to_page_blog":""},"pll_sync_post":[],"_links":{"self":[{"href":"https:\/\/www.monopolcity.com\/index.php?rest_route=\/wp\/v2\/pages\/588","targetHints":{"allow":["GET"]}}],"collection":[{"href":"https:\/\/www.monopolcity.com\/index.php?rest_route=\/wp\/v2\/pages"}],"about":[{"href":"https:\/\/www.monopolcity.com\/index.php?rest_route=\/wp\/v2\/types\/page"}],"author":[{"embeddable":true,"href":"https:\/\/www.monopolcity.com\/index.php?rest_route=\/wp\/v2\/users\/1"}],"replies":[{"embeddable":true,"href":"https:\/\/www.monopolcity.com\/index.php?rest_route=%2Fwp%2Fv2%2Fcomments&post=588"}],"version-history":[{"count":35,"href":"https:\/\/www.monopolcity.com\/index.php?rest_route=\/wp\/v2\/pages\/588\/revisions"}],"predecessor-version":[{"id":2443,"href":"https:\/\/www.monopolcity.com\/index.php?rest_route=\/wp\/v2\/pages\/588\/revisions\/2443"}],"up":[{"embeddable":true,"href":"https:\/\/www.monopolcity.com\/index.php?rest_route=\/wp\/v2\/pages\/533"}],"wp:attachment":[{"href":"https:\/\/www.monopolcity.com\/index.php?rest_route=%2Fwp%2Fv2%2Fmedia&parent=588"}],"curies":[{"name":"wp","href":"https:\/\/api.w.org\/{rel}","templated":true}]}}