{"id":381,"date":"2022-01-25T23:33:32","date_gmt":"2022-01-25T23:33:32","guid":{"rendered":"https:\/\/www.monopolcity.com\/?page_id=381"},"modified":"2022-02-05T23:06:58","modified_gmt":"2022-02-05T23:06:58","slug":"park","status":"publish","type":"page","link":"https:\/\/www.monopolcity.com\/?page_id=381&lang=en","title":{"rendered":"Park"},"content":{"rendered":"\n<h2 class=\"wp-block-heading\" id=\"it-is-a-long-established-fact-that-a-reader-will-be-distracted-by-the-readable-content-of-a-page-when-looking-at-its-layout\">It is a long established fact that a reader will be distracted by the readable content of a page when looking at its layout.<\/h2>\n\n\n\n<div style=\"height:29px\" aria-hidden=\"true\" class=\"wp-block-spacer\"><\/div>\n\n\n\n<div class=\"wp-block-columns is-layout-flex wp-container-core-columns-is-layout-9d6595d7 wp-block-columns-is-layout-flex\" id=\"data-aos=&quot;fade-up&quot;\">\n<div class=\"wp-block-column is-layout-flow wp-block-column-is-layout-flow\" style=\"flex-basis:33.33%\">\n<div class=\"wp-block-image\"><figure class=\"aligncenter size-medium is-resized\"><img decoding=\"async\" src=\"https:\/\/www.monopolcity.com\/wp-content\/uploads\/2022\/01\/BW-Lumia-01-300x300.webp\" alt=\"\" class=\"wp-image-68\" width=\"300\" height=\"269\"\/><\/figure><\/div>\n<\/div>\n\n\n\n<div class=\"wp-block-column is-vertically-aligned-center is-layout-flow wp-block-column-is-layout-flow\" style=\"flex-basis:66.66%\">\n<h4 class=\"has-text-align-left wp-block-heading\" id=\"whether-it-s-a-picnic-with-friends-walking-pets-playing-with-the-kids-or-spending-time-in-a-peaceful-setting-the-parks-will-have-something-for-everyone\">Whether it\u2019s a picnic with friends, walking pets, playing with the kids or spending time in a peaceful setting, the parks will have something for everyone.<\/h4>\n\n\n\n<p>Beautifully landscaped lawns, outdoor exhibitions, a wedding venue, a yoga space, a trail for roller skates and a modern children\u2019s playground.<\/p>\n<\/div>\n<\/div>\n","protected":false},"excerpt":{"rendered":"<p>It is a long established fact that a reader will be distracted by the readable content of a page when looking at its layout. Whether it\u2019s a picnic with friends, walking pets, playing with the kids or spending time in a peaceful setting, the parks will have something for everyone. Beautifully landscaped lawns, outdoor exhibitions, [&hellip;]<\/p>\n","protected":false},"author":1,"featured_media":3622,"parent":338,"menu_order":0,"comment_status":"closed","ping_status":"closed","template":"template-parts\/template-park.php","meta":{"inline_featured_image":false,"footnotes":""},"class_list":["post-381","page","type-page","status-publish","has-post-thumbnail","hentry"],"yoast_head":"<!-- This site is optimized with the Yoast SEO plugin v26.3 - https:\/\/yoast.com\/wordpress\/plugins\/seo\/ -->\n<title>Park - Monopol City<\/title>\n<meta name=\"robots\" content=\"index, follow, max-snippet:-1, max-image-preview:large, max-video-preview:-1\" \/>\n<link rel=\"canonical\" href=\"https:\/\/www.monopolcity.com\/?page_id=381&lang=en\" \/>\n<meta property=\"og:locale\" content=\"en_US\" \/>\n<meta property=\"og:type\" content=\"article\" \/>\n<meta property=\"og:title\" content=\"Park - Monopol City\" \/>\n<meta property=\"og:description\" content=\"It is a long established fact that a reader will be distracted by the readable content of a page when looking at its layout. Whether it\u2019s a picnic with friends, walking pets, playing with the kids or spending time in a peaceful setting, the parks will have something for everyone. Beautifully landscaped lawns, outdoor exhibitions, [&hellip;]\" \/>\n<meta property=\"og:url\" content=\"https:\/\/www.monopolcity.com\/?page_id=381&amp;lang=en\" \/>\n<meta property=\"og:site_name\" content=\"Monopol City\" \/>\n<meta property=\"article:publisher\" content=\"https:\/\/www.facebook.com\/monopolcity.ks\/?ti=as\" \/>\n<meta property=\"article:modified_time\" content=\"2022-02-05T23:06:58+00:00\" \/>\n<meta property=\"og:image\" content=\"https:\/\/www.monopolcity.com\/wp-content\/uploads\/2022\/03\/F10.jpg\" \/>\n\t<meta property=\"og:image:width\" content=\"1920\" \/>\n\t<meta property=\"og:image:height\" content=\"1080\" \/>\n\t<meta property=\"og:image:type\" content=\"image\/jpeg\" \/>\n<meta name=\"twitter:card\" content=\"summary_large_image\" \/>\n<meta name=\"twitter:site\" content=\"@Monopolcity_ks\" \/>\n<script type=\"application\/ld+json\" class=\"yoast-schema-graph\">{\"@context\":\"https:\/\/schema.org\",\"@graph\":[{\"@type\":\"WebPage\",\"@id\":\"https:\/\/www.monopolcity.com\/?page_id=381&lang=en\",\"url\":\"https:\/\/www.monopolcity.com\/?page_id=381&lang=en\",\"name\":\"Park - Monopol City\",\"isPartOf\":{\"@id\":\"https:\/\/www.monopolcity.com\/#website\"},\"primaryImageOfPage\":{\"@id\":\"https:\/\/www.monopolcity.com\/?page_id=381&lang=en#primaryimage\"},\"image\":{\"@id\":\"https:\/\/www.monopolcity.com\/?page_id=381&lang=en#primaryimage\"},\"thumbnailUrl\":\"https:\/\/www.monopolcity.com\/wp-content\/uploads\/2022\/03\/F10.jpg\",\"datePublished\":\"2022-01-25T23:33:32+00:00\",\"dateModified\":\"2022-02-05T23:06:58+00:00\",\"breadcrumb\":{\"@id\":\"https:\/\/www.monopolcity.com\/?page_id=381&lang=en#breadcrumb\"},\"inLanguage\":\"en-US\",\"potentialAction\":[{\"@type\":\"ReadAction\",\"target\":[\"https:\/\/www.monopolcity.com\/?page_id=381&lang=en\"]}]},{\"@type\":\"ImageObject\",\"inLanguage\":\"en-US\",\"@id\":\"https:\/\/www.monopolcity.com\/?page_id=381&lang=en#primaryimage\",\"url\":\"https:\/\/www.monopolcity.com\/wp-content\/uploads\/2022\/03\/F10.jpg\",\"contentUrl\":\"https:\/\/www.monopolcity.com\/wp-content\/uploads\/2022\/03\/F10.jpg\",\"width\":1920,\"height\":1080},{\"@type\":\"BreadcrumbList\",\"@id\":\"https:\/\/www.monopolcity.com\/?page_id=381&lang=en#breadcrumb\",\"itemListElement\":[{\"@type\":\"ListItem\",\"position\":1,\"name\":\"Home\",\"item\":\"https:\/\/www.monopolcity.com\/?page_id=17&lang=en\"},{\"@type\":\"ListItem\",\"position\":2,\"name\":\"See &#038; Do\",\"item\":\"https:\/\/www.monopolcity.com\/?page_id=338&lang=en\"},{\"@type\":\"ListItem\",\"position\":3,\"name\":\"Park\"}]},{\"@type\":\"WebSite\",\"@id\":\"https:\/\/www.monopolcity.com\/#website\",\"url\":\"https:\/\/www.monopolcity.com\/\",\"name\":\"Monopol City\",\"description\":\"\",\"publisher\":{\"@id\":\"https:\/\/www.monopolcity.com\/#organization\"},\"potentialAction\":[{\"@type\":\"SearchAction\",\"target\":{\"@type\":\"EntryPoint\",\"urlTemplate\":\"https:\/\/www.monopolcity.com\/?s={search_term_string}\"},\"query-input\":{\"@type\":\"PropertyValueSpecification\",\"valueRequired\":true,\"valueName\":\"search_term_string\"}}],\"inLanguage\":\"en-US\"},{\"@type\":\"Organization\",\"@id\":\"https:\/\/www.monopolcity.com\/#organization\",\"name\":\"Monopol City\",\"url\":\"https:\/\/www.monopolcity.com\/\",\"logo\":{\"@type\":\"ImageObject\",\"inLanguage\":\"en-US\",\"@id\":\"https:\/\/www.monopolcity.com\/#\/schema\/logo\/image\/\",\"url\":\"https:\/\/www.monopolcity.com\/wp-content\/uploads\/2022\/07\/logo-seo-6.png\",\"contentUrl\":\"https:\/\/www.monopolcity.com\/wp-content\/uploads\/2022\/07\/logo-seo-6.png\",\"width\":352,\"height\":94,\"caption\":\"Monopol City\"},\"image\":{\"@id\":\"https:\/\/www.monopolcity.com\/#\/schema\/logo\/image\/\"},\"sameAs\":[\"https:\/\/www.facebook.com\/monopolcity.ks\/?ti=as\",\"https:\/\/x.com\/Monopolcity_ks\",\"https:\/\/www.instagram.com\/monopolcity.ks\"]}]}<\/script>\n<!-- \/ Yoast SEO plugin. -->","yoast_head_json":{"title":"Park - Monopol City","robots":{"index":"index","follow":"follow","max-snippet":"max-snippet:-1","max-image-preview":"max-image-preview:large","max-video-preview":"max-video-preview:-1"},"canonical":"https:\/\/www.monopolcity.com\/?page_id=381&lang=en","og_locale":"en_US","og_type":"article","og_title":"Park - Monopol City","og_description":"It is a long established fact that a reader will be distracted by the readable content of a page when looking at its layout. Whether it\u2019s a picnic with friends, walking pets, playing with the kids or spending time in a peaceful setting, the parks will have something for everyone. Beautifully landscaped lawns, outdoor exhibitions, [&hellip;]","og_url":"https:\/\/www.monopolcity.com\/?page_id=381&lang=en","og_site_name":"Monopol City","article_publisher":"https:\/\/www.facebook.com\/monopolcity.ks\/?ti=as","article_modified_time":"2022-02-05T23:06:58+00:00","og_image":[{"width":1920,"height":1080,"url":"https:\/\/www.monopolcity.com\/wp-content\/uploads\/2022\/03\/F10.jpg","type":"image\/jpeg"}],"twitter_card":"summary_large_image","twitter_site":"@Monopolcity_ks","schema":{"@context":"https:\/\/schema.org","@graph":[{"@type":"WebPage","@id":"https:\/\/www.monopolcity.com\/?page_id=381&lang=en","url":"https:\/\/www.monopolcity.com\/?page_id=381&lang=en","name":"Park - Monopol City","isPartOf":{"@id":"https:\/\/www.monopolcity.com\/#website"},"primaryImageOfPage":{"@id":"https:\/\/www.monopolcity.com\/?page_id=381&lang=en#primaryimage"},"image":{"@id":"https:\/\/www.monopolcity.com\/?page_id=381&lang=en#primaryimage"},"thumbnailUrl":"https:\/\/www.monopolcity.com\/wp-content\/uploads\/2022\/03\/F10.jpg","datePublished":"2022-01-25T23:33:32+00:00","dateModified":"2022-02-05T23:06:58+00:00","breadcrumb":{"@id":"https:\/\/www.monopolcity.com\/?page_id=381&lang=en#breadcrumb"},"inLanguage":"en-US","potentialAction":[{"@type":"ReadAction","target":["https:\/\/www.monopolcity.com\/?page_id=381&lang=en"]}]},{"@type":"ImageObject","inLanguage":"en-US","@id":"https:\/\/www.monopolcity.com\/?page_id=381&lang=en#primaryimage","url":"https:\/\/www.monopolcity.com\/wp-content\/uploads\/2022\/03\/F10.jpg","contentUrl":"https:\/\/www.monopolcity.com\/wp-content\/uploads\/2022\/03\/F10.jpg","width":1920,"height":1080},{"@type":"BreadcrumbList","@id":"https:\/\/www.monopolcity.com\/?page_id=381&lang=en#breadcrumb","itemListElement":[{"@type":"ListItem","position":1,"name":"Home","item":"https:\/\/www.monopolcity.com\/?page_id=17&lang=en"},{"@type":"ListItem","position":2,"name":"See &#038; Do","item":"https:\/\/www.monopolcity.com\/?page_id=338&lang=en"},{"@type":"ListItem","position":3,"name":"Park"}]},{"@type":"WebSite","@id":"https:\/\/www.monopolcity.com\/#website","url":"https:\/\/www.monopolcity.com\/","name":"Monopol City","description":"","publisher":{"@id":"https:\/\/www.monopolcity.com\/#organization"},"potentialAction":[{"@type":"SearchAction","target":{"@type":"EntryPoint","urlTemplate":"https:\/\/www.monopolcity.com\/?s={search_term_string}"},"query-input":{"@type":"PropertyValueSpecification","valueRequired":true,"valueName":"search_term_string"}}],"inLanguage":"en-US"},{"@type":"Organization","@id":"https:\/\/www.monopolcity.com\/#organization","name":"Monopol City","url":"https:\/\/www.monopolcity.com\/","logo":{"@type":"ImageObject","inLanguage":"en-US","@id":"https:\/\/www.monopolcity.com\/#\/schema\/logo\/image\/","url":"https:\/\/www.monopolcity.com\/wp-content\/uploads\/2022\/07\/logo-seo-6.png","contentUrl":"https:\/\/www.monopolcity.com\/wp-content\/uploads\/2022\/07\/logo-seo-6.png","width":352,"height":94,"caption":"Monopol City"},"image":{"@id":"https:\/\/www.monopolcity.com\/#\/schema\/logo\/image\/"},"sameAs":["https:\/\/www.facebook.com\/monopolcity.ks\/?ti=as","https:\/\/x.com\/Monopolcity_ks","https:\/\/www.instagram.com\/monopolcity.ks"]}]}},"lang":"en","translations":{"sq":947,"en":381},"acf":{"image":{"ID":3628,"id":3628,"title":"F7","filename":"F7-1.jpg","filesize":2283306,"url":"https:\/\/www.monopolcity.com\/wp-content\/uploads\/2022\/03\/F7-1.jpg","link":"https:\/\/www.monopolcity.com\/?attachment_id=3628","alt":"","author":"2","description":"","caption":"","name":"f7-2","status":"inherit","uploaded_to":381,"date":"2022-03-31 10:26:26","modified":"2022-03-31 10:26:26","menu_order":0,"mime_type":"image\/jpeg","type":"image","subtype":"jpeg","icon":"https:\/\/www.monopolcity.com\/wp-includes\/images\/media\/default.png","width":1920,"height":1080,"sizes":{"thumbnail":"https:\/\/www.monopolcity.com\/wp-content\/uploads\/2022\/03\/F7-1-150x150.jpg","thumbnail-width":150,"thumbnail-height":150,"medium":"https:\/\/www.monopolcity.com\/wp-content\/uploads\/2022\/03\/F7-1-300x169.jpg","medium-width":300,"medium-height":169,"medium_large":"https:\/\/www.monopolcity.com\/wp-content\/uploads\/2022\/03\/F7-1-768x432.jpg","medium_large-width":640,"medium_large-height":360,"large":"https:\/\/www.monopolcity.com\/wp-content\/uploads\/2022\/03\/F7-1-1024x576.jpg","large-width":640,"large-height":360,"1536x1536":"https:\/\/www.monopolcity.com\/wp-content\/uploads\/2022\/03\/F7-1-1536x864.jpg","1536x1536-width":1536,"1536x1536-height":864,"2048x2048":"https:\/\/www.monopolcity.com\/wp-content\/uploads\/2022\/03\/F7-1.jpg","2048x2048-width":1920,"2048x2048-height":1080,"homeslider":"https:\/\/www.monopolcity.com\/wp-content\/uploads\/2022\/03\/F7-1-1920x950.jpg","homeslider-width":700,"homeslider-height":346}},"content":"<h2>HAP\u00cbSIRAT E P\u00cbRBASHK\u00cbTA<\/h2>\n<p>Monopol City sjell qendr\u00ebn e re urbane t\u00eb Qytetit t\u00eb Gjilanit, me pjes\u00ebn rezidenciale t\u00eb mb\u00ebshtetur me Qendr\u00ebn Tregtare, Tregun e gjelb\u00ebr, Kopshtin p\u00ebr f\u00ebmij\u00eb, shkoll\u00ebn, qendr\u00ebn sh\u00ebndet\u00ebsore, sall\u00ebn e sportit, sall\u00ebn e fitnesit, amfiteatrin si dhe parkingjet e nevojshme si p\u00ebr banor\u00ebt dhe p\u00ebr vizitor\u00ebt e komplekist. T\u00eb gjitha k\u00ebto p\u00ebrmbajtje mund\u00ebsojn\u00eb nj\u00eb komunikim t\u00eb ve\u00e7ant\u00eb t\u00eb rezident\u00ebve dhe t\u00eb vizitor\u00ebve p\u00ebrmes bulevardit dhe urave q\u00eb jan\u00eb t\u00eb planifikuara n\u00eb detaje, t\u00eb shtrira dhe t\u00eb lidhura me hap\u00ebsira publike dhe t\u00eb inkorporuara n\u00eb zona t\u00eb jashtme gjelb\u00ebruese q\u00eb nd\u00ebrlidhen mes veti pa interferuar n\u00eb privat\u00ebsin\u00eb e rezident\u00ebve, por n\u00eb t\u00eb njejt\u00ebn koh\u00eb duke ofruar mund\u00ebsi p\u00ebr biznes dhe arg\u00ebtim n\u00eb nivel dhe k\u00ebrkesa t\u00eb koh\u00ebs. Nj\u00eb p\u00ebrzierje e gjall\u00eb e pem\u00ebve dhe shkurreve, bim\u00ebve t\u00eb ndryshme, luleve dhe bar\u00ebve i jep k\u00ebtij ansambli struktur\u00eb dhe e b\u00ebn at\u00eb t\u00eb lul\u00ebzoj gjat\u00eb gjith\u00eb vitit.<\/p>\n","gallery":"<div id='gallery-1' class='gallery galleryid-381 gallery-columns-1 gallery-size-large'><figure class='gallery-item'>\n\t\t\t<div class='gallery-icon landscape'>\n\t\t\t\t<img width=\"640\" height=\"360\" src=\"https:\/\/www.monopolcity.com\/wp-content\/uploads\/2022\/03\/F7-1-1024x576.jpg\" class=\"attachment-large size-large\" alt=\"\" decoding=\"async\" srcset=\"https:\/\/www.monopolcity.com\/wp-content\/uploads\/2022\/03\/F7-1-1024x576.jpg 1024w, https:\/\/www.monopolcity.com\/wp-content\/uploads\/2022\/03\/F7-1-300x169.jpg 300w, https:\/\/www.monopolcity.com\/wp-content\/uploads\/2022\/03\/F7-1-768x432.jpg 768w, https:\/\/www.monopolcity.com\/wp-content\/uploads\/2022\/03\/F7-1-1536x864.jpg 1536w, https:\/\/www.monopolcity.com\/wp-content\/uploads\/2022\/03\/F7-1.jpg 1920w\" sizes=\"(max-width: 640px) 100vw, 640px\" \/>\n\t\t\t<\/div><\/figure><figure class='gallery-item'>\n\t\t\t<div class='gallery-icon landscape'>\n\t\t\t\t<img width=\"640\" height=\"360\" src=\"https:\/\/www.monopolcity.com\/wp-content\/uploads\/2022\/03\/F10-1-1024x576.jpg\" class=\"attachment-large size-large\" alt=\"\" decoding=\"async\" srcset=\"https:\/\/www.monopolcity.com\/wp-content\/uploads\/2022\/03\/F10-1-1024x576.jpg 1024w, https:\/\/www.monopolcity.com\/wp-content\/uploads\/2022\/03\/F10-1-300x169.jpg 300w, https:\/\/www.monopolcity.com\/wp-content\/uploads\/2022\/03\/F10-1-768x432.jpg 768w, https:\/\/www.monopolcity.com\/wp-content\/uploads\/2022\/03\/F10-1-1536x864.jpg 1536w, https:\/\/www.monopolcity.com\/wp-content\/uploads\/2022\/03\/F10-1.jpg 1920w\" sizes=\"(max-width: 640px) 100vw, 640px\" \/>\n\t\t\t<\/div><\/figure><figure class='gallery-item'>\n\t\t\t<div class='gallery-icon landscape'>\n\t\t\t\t<img width=\"640\" height=\"360\" src=\"https:\/\/www.monopolcity.com\/wp-content\/uploads\/2022\/01\/F1-1024x576.jpg\" class=\"attachment-large size-large\" alt=\"\" decoding=\"async\" srcset=\"https:\/\/www.monopolcity.com\/wp-content\/uploads\/2022\/01\/F1-1024x576.jpg 1024w, https:\/\/www.monopolcity.com\/wp-content\/uploads\/2022\/01\/F1-300x169.jpg 300w, https:\/\/www.monopolcity.com\/wp-content\/uploads\/2022\/01\/F1-768x432.jpg 768w, https:\/\/www.monopolcity.com\/wp-content\/uploads\/2022\/01\/F1-1536x864.jpg 1536w, https:\/\/www.monopolcity.com\/wp-content\/uploads\/2022\/01\/F1.jpg 1920w\" sizes=\"(max-width: 640px) 100vw, 640px\" \/>\n\t\t\t<\/div><\/figure>\n\t\t<\/div>\n\n"},"pll_sync_post":[],"_links":{"self":[{"href":"https:\/\/www.monopolcity.com\/index.php?rest_route=\/wp\/v2\/pages\/381","targetHints":{"allow":["GET"]}}],"collection":[{"href":"https:\/\/www.monopolcity.com\/index.php?rest_route=\/wp\/v2\/pages"}],"about":[{"href":"https:\/\/www.monopolcity.com\/index.php?rest_route=\/wp\/v2\/types\/page"}],"author":[{"embeddable":true,"href":"https:\/\/www.monopolcity.com\/index.php?rest_route=\/wp\/v2\/users\/1"}],"replies":[{"embeddable":true,"href":"https:\/\/www.monopolcity.com\/index.php?rest_route=%2Fwp%2Fv2%2Fcomments&post=381"}],"version-history":[{"count":15,"href":"https:\/\/www.monopolcity.com\/index.php?rest_route=\/wp\/v2\/pages\/381\/revisions"}],"predecessor-version":[{"id":763,"href":"https:\/\/www.monopolcity.com\/index.php?rest_route=\/wp\/v2\/pages\/381\/revisions\/763"}],"up":[{"embeddable":true,"href":"https:\/\/www.monopolcity.com\/index.php?rest_route=\/wp\/v2\/pages\/338"}],"wp:featuredmedia":[{"embeddable":true,"href":"https:\/\/www.monopolcity.com\/index.php?rest_route=\/wp\/v2\/media\/3622"}],"wp:attachment":[{"href":"https:\/\/www.monopolcity.com\/index.php?rest_route=%2Fwp%2Fv2%2Fmedia&parent=381"}],"curies":[{"name":"wp","href":"https:\/\/api.w.org\/{rel}","templated":true}]}}